{"id":7,"date":"2015-09-03T18:34:02","date_gmt":"2015-09-03T18:34:02","guid":{"rendered":"http:\/\/cafe-theatrium.tetenbuell.com\/?page_id=7"},"modified":"2023-02-01T13:25:00","modified_gmt":"2023-02-01T13:25:00","slug":"homepage","status":"publish","type":"page","link":"http:\/\/cafe-theatrium.tetenbuell.com\/","title":{"rendered":"Homepage"},"content":{"rendered":"<p style=\"padding-left: 30px;\">Willkommen auf unserer Homepage<\/p>\n<p>Wir freuen uns, Sie in unserem Caf\u00e9 begr\u00fc\u00dfen zu k\u00f6nnen und erwarten Sie mit selbst gemachten Kuchen und Torten, einer vielf\u00e4ltigen Kaffee-, und Tee-Auswahl.<\/p>\n<p>Bei unseren Kuchen und Torten legen wir gro\u00dfen Wert auf frische und wenn es die Jahreszeit zul\u00e4sst, auf saisonale Zutaten.<\/p>\n<p>Gerne k\u00f6nnen sie unsere R\u00e4umlichkeiten f\u00fcr Feiern und Firmenanl\u00e4sse buchen.<\/p>\n<p>Bis bald<\/p>\n","protected":false},"excerpt":{"rendered":"<div class=\"entry-summary\">\nWillkommen auf unserer Homepage Wir freuen uns, Sie in unserem Caf\u00e9 begr\u00fc\u00dfen&hellip;\n<\/div>\n<div class=\"link-more\"><a href=\"http:\/\/cafe-theatrium.tetenbuell.com\/\" class=\"more-link\">Continue reading<span class=\"screen-reader-text\"> &ldquo;Homepage&rdquo;<\/span>&hellip;<\/a><\/div>\n","protected":false},"author":1,"featured_media":0,"parent":0,"menu_order":0,"comment_status":"closed","ping_status":"closed","template":"","meta":{"ngg_post_thumbnail":0,"footnotes":""},"class_list":["post-7","page","type-page","status-publish","hentry","entry"],"brizy_media":[],"_links":{"self":[{"href":"http:\/\/cafe-theatrium.tetenbuell.com\/index.php\/wp-json\/wp\/v2\/pages\/7","targetHints":{"allow":["GET"]}}],"collection":[{"href":"http:\/\/cafe-theatrium.tetenbuell.com\/index.php\/wp-json\/wp\/v2\/pages"}],"about":[{"href":"http:\/\/cafe-theatrium.tetenbuell.com\/index.php\/wp-json\/wp\/v2\/types\/page"}],"author":[{"embeddable":true,"href":"http:\/\/cafe-theatrium.tetenbuell.com\/index.php\/wp-json\/wp\/v2\/users\/1"}],"replies":[{"embeddable":true,"href":"http:\/\/cafe-theatrium.tetenbuell.com\/index.php\/wp-json\/wp\/v2\/comments?post=7"}],"version-history":[{"count":19,"href":"http:\/\/cafe-theatrium.tetenbuell.com\/index.php\/wp-json\/wp\/v2\/pages\/7\/revisions"}],"predecessor-version":[{"id":682,"href":"http:\/\/cafe-theatrium.tetenbuell.com\/index.php\/wp-json\/wp\/v2\/pages\/7\/revisions\/682"}],"wp:attachment":[{"href":"http:\/\/cafe-theatrium.tetenbuell.com\/index.php\/wp-json\/wp\/v2\/media?parent=7"}],"curies":[{"name":"wp","href":"https:\/\/api.w.org\/{rel}","templated":true}]}}